{"id":53,"date":"2013-11-13T14:00:38","date_gmt":"2013-11-13T14:00:38","guid":{"rendered":"http:\/\/neu.trierer-jugendparlament.de\/?page_id=53"},"modified":"2018-05-26T17:55:35","modified_gmt":"2018-05-26T16:55:35","slug":"impressum","status":"publish","type":"page","link":"https:\/\/trierer-jugendparlament.de\/?page_id=53","title":{"rendered":"Impressum"},"content":{"rendered":"<p>&nbsp;<\/p>\n<p>Name und Anschrift:<br \/>\nmobile spielaktion e.V.<br \/>\nZuckerbergstra\u00dfe 30<br \/>\n54290 Trier<\/p>\n<p>Telefon:<br \/>\n0651 9940583<\/p>\n<p>E-Mail:<br \/>\ninfo@spielaktion.de<\/p>\n<p>Vereinsregister:<br \/>\nAmtsgericht Wittlich VR 2288<\/p>\n<p>Gesch\u00e4ftsf\u00fchrer und inhaltlich verantwortlich:<br \/>\nJ\u00f6rg Drekopf<\/p>\n","protected":false},"excerpt":{"rendered":"<p>&nbsp; Name und Anschrift: mobile spielaktion e.V. Zuckerbergstra\u00dfe 30 54290 Trier Telefon: 0651 9940583 E-Mail: info@spielaktion.de Vereinsregister: Amtsgericht Wittlich VR 2288 Gesch\u00e4ftsf\u00fchrer und inhaltlich verantwortlich: J\u00f6rg Drekopf<\/p>\n","protected":false},"author":4,"featured_media":0,"parent":0,"menu_order":0,"comment_status":"closed","ping_status":"open","template":"","meta":{"footnotes":""},"class_list":["post-53","page","type-page","status-publish","czr-hentry"],"_links":{"self":[{"href":"https:\/\/trierer-jugendparlament.de\/index.php?rest_route=\/wp\/v2\/pages\/53","targetHints":{"allow":["GET"]}}],"collection":[{"href":"https:\/\/trierer-jugendparlament.de\/index.php?rest_route=\/wp\/v2\/pages"}],"about":[{"href":"https:\/\/trierer-jugendparlament.de\/index.php?rest_route=\/wp\/v2\/types\/page"}],"author":[{"embeddable":true,"href":"https:\/\/trierer-jugendparlament.de\/index.php?rest_route=\/wp\/v2\/users\/4"}],"replies":[{"embeddable":true,"href":"https:\/\/trierer-jugendparlament.de\/index.php?rest_route=%2Fwp%2Fv2%2Fcomments&post=53"}],"version-history":[{"count":5,"href":"https:\/\/trierer-jugendparlament.de\/index.php?rest_route=\/wp\/v2\/pages\/53\/revisions"}],"predecessor-version":[{"id":2129,"href":"https:\/\/trierer-jugendparlament.de\/index.php?rest_route=\/wp\/v2\/pages\/53\/revisions\/2129"}],"wp:attachment":[{"href":"https:\/\/trierer-jugendparlament.de\/index.php?rest_route=%2Fwp%2Fv2%2Fmedia&parent=53"}],"curies":[{"name":"wp","href":"https:\/\/api.w.org\/{rel}","templated":true}]}}